{"id":235,"date":"2017-03-20T16:52:05","date_gmt":"2017-03-20T15:52:05","guid":{"rendered":"http:\/\/www.mentattiva.it\/studio\/?page_id=235"},"modified":"2022-07-26T11:17:24","modified_gmt":"2022-07-26T09:17:24","slug":"crowdfunding","status":"publish","type":"page","link":"https:\/\/www.mentattiva.it\/studio\/crowdfunding\/","title":{"rendered":"Crowdfunding"},"content":{"rendered":"\n<div class=\"wp-block-columns is-layout-flex wp-container-core-columns-is-layout-9d6595d7 wp-block-columns-is-layout-flex\">\n<div class=\"wp-block-column is-layout-flow wp-block-column-is-layout-flow\" style=\"flex-basis:50%\">\n<p><strong>Il crowdfunding pu\u00f2 essere un&#8217;ottima opportunit\u00e0<\/strong> per presentare o raccogliere fondi per progetti, prodotti o servizi avviati o in avviamento.<br>Il web \u00e8 fondamentale ma per alcune attivit\u00e0 o progetti, <strong>anche delle iniziative offline possono essere altrettanto importanti<\/strong>, soprattutto <strong>nei casi in cui c&#8217;\u00e8 un forte impatto territoriale<\/strong>.<\/p>\n\n\n\n<h3 class=\"wp-block-heading\">Possiamo darti supporto<\/h3>\n\n\n\n<div style=\"height:5px\" aria-hidden=\"true\" class=\"wp-block-spacer\"><\/div>\n\n\n\n<ul class=\"ul-tit wp-block-list\"><li><i class=\"fa fa-clipboard fa-yellow-icon \" ><\/i> nell&#8217;analisi del progetto<\/li><li><i class=\"fa fa-line-chart fa-yellow-icon \" ><\/i> o nello sviluppo della comunicazione della tua idea con la realizzazione e la scelta dei media pi\u00f9 opportuni<\/li><li><i class=\"fa fa-map-marker fa-yellow-icon \" ><\/i> e possiamo renderti la <strong>sede<\/strong> disponibile <strong>per organizzare il tuo crowdfunding<\/strong>.<\/li><\/ul>\n<\/div>\n\n\n\n<div class=\"wp-block-column is-layout-flow wp-block-column-is-layout-flow\" style=\"flex-basis:50%\">\n<figure class=\"wp-block-image size-large\"><img loading=\"lazy\" decoding=\"async\" width=\"1024\" height=\"664\" src=\"https:\/\/www.mentattiva.it\/studio\/wp-content\/uploads\/sites\/3\/2017\/03\/mappa-1024x664.jpg\" alt=\"Mappa sede Mentattiva open space per desk e coworking, meeting e convegni, eventi e congressi.\" class=\"wp-image-1774\" srcset=\"https:\/\/www.mentattiva.it\/studio\/wp-content\/uploads\/sites\/3\/2017\/03\/mappa-1024x664.jpg 1024w, https:\/\/www.mentattiva.it\/studio\/wp-content\/uploads\/sites\/3\/2017\/03\/mappa-300x195.jpg 300w, https:\/\/www.mentattiva.it\/studio\/wp-content\/uploads\/sites\/3\/2017\/03\/mappa-768x498.jpg 768w, https:\/\/www.mentattiva.it\/studio\/wp-content\/uploads\/sites\/3\/2017\/03\/mappa-24x16.jpg 24w, https:\/\/www.mentattiva.it\/studio\/wp-content\/uploads\/sites\/3\/2017\/03\/mappa-36x23.jpg 36w, https:\/\/www.mentattiva.it\/studio\/wp-content\/uploads\/sites\/3\/2017\/03\/mappa-48x31.jpg 48w\" sizes=\"auto, (max-width: 1024px) 100vw, 1024px\" \/><\/figure>\n<\/div>\n<\/div>\n\n\n\n<hr>\n\n\n\n<div style=\"height:40px\" aria-hidden=\"true\" class=\"wp-block-spacer\"><\/div>\n\n\n\n<div class=\"wp-block-columns is-layout-flex wp-container-core-columns-is-layout-9d6595d7 wp-block-columns-is-layout-flex\">\n<div class=\"wp-block-column is-layout-flow wp-block-column-is-layout-flow\"><div class=\"wp-block-image\">\n<figure class=\"aligncenter size-full is-resized\"><img loading=\"lazy\" decoding=\"async\" src=\"https:\/\/www.mentattiva.it\/wp-content\/uploads\/2022\/07\/avatar-verde.png\" alt=\"illustrazione avatar mentattiva\" class=\"wp-image-1298\" width=\"306\" height=\"357\"\/><\/figure><\/div><\/div>\n\n\n\n<div class=\"wp-block-column is-layout-flow wp-block-column-is-layout-flow\">\n<h3 class=\"wp-block-heading\">&#8220;Desideri maggiori informazioni o assistenza? Parla con noi e <strong>studieremo assieme il tuo progetto!<\/strong>&#8220;<\/h3>\n\n\n\n<p class=\"yellow-flag\">\u2713 Compila il form<\/p>\n\n\n\n<p class=\"yellow-flag\">\u2713 Scrivici a <a href=\"mailto:info@mentattiva.it\">info@mentattiva.it<\/a> <\/p>\n\n\n\n<p class=\"yellow-flag\">\u2713 Chiamaci al <a href=\"tel:+393311539050\">+39 331 153 9 0 50<\/a><\/p>\n<\/div>\n\n\n\n<div class=\"wp-block-column is-layout-flow wp-block-column-is-layout-flow\">\n<div class=\"wpcf7 no-js\" id=\"wpcf7-f244-o1\" lang=\"it-IT\" dir=\"ltr\" data-wpcf7-id=\"244\">\n<div class=\"screen-reader-response\"><p role=\"status\" aria-live=\"polite\" aria-atomic=\"true\"><\/p> <ul><\/ul><\/div>\n<form action=\"\/studio\/wp-json\/wp\/v2\/pages\/235#wpcf7-f244-o1\" method=\"post\" class=\"wpcf7-form init\" aria-label=\"Modulo di contatto\" enctype=\"multipart\/form-data\" novalidate=\"novalidate\" data-status=\"init\">\n<fieldset class=\"hidden-fields-container\"><input type=\"hidden\" name=\"_wpcf7\" value=\"244\" \/><input type=\"hidden\" name=\"_wpcf7_version\" value=\"6.1.2\" \/><input type=\"hidden\" name=\"_wpcf7_locale\" value=\"it_IT\" \/><input type=\"hidden\" name=\"_wpcf7_unit_tag\" value=\"wpcf7-f244-o1\" \/><input type=\"hidden\" name=\"_wpcf7_container_post\" value=\"0\" \/><input type=\"hidden\" name=\"_wpcf7_posted_data_hash\" value=\"\" \/><input type=\"hidden\" name=\"_wpcf7dtx_version\" value=\"5.0.3\" \/>\n<\/fieldset>\n<p><label><span class=\"wpcf7-form-control-wrap\" data-name=\"your-name\"><input size=\"40\" maxlength=\"400\" class=\"wpcf7-form-control wpcf7-text wpcf7-validates-as-required\" aria-required=\"true\" aria-invalid=\"false\" placeholder=\"Nome e Cognome (richiesto)\" value=\"\" type=\"text\" name=\"your-name\" \/><\/span><\/label><br \/>\n<label><span class=\"wpcf7-form-control-wrap\" data-name=\"your-email\"><input size=\"40\" maxlength=\"400\" class=\"wpcf7-form-control wpcf7-text wpcf7-validates-as-required\" aria-required=\"true\" aria-invalid=\"false\" placeholder=\"Email o telefono (richiesto)\" value=\"\" type=\"text\" name=\"your-email\" \/><\/span><\/label><br \/>\nBreve descrizione del progetto (richiesto)<br \/>\n<label><span class=\"wpcf7-form-control-wrap\" data-name=\"textarea-652\"><textarea cols=\"40\" rows=\"10\" maxlength=\"2000\" class=\"wpcf7-form-control wpcf7-textarea wpcf7-validates-as-required\" aria-required=\"true\" aria-invalid=\"false\" name=\"textarea-652\"><\/textarea><\/span><\/label><br \/>\n<label><span class=\"wpcf7-form-control-wrap\" data-name=\"file-706\"><input size=\"40\" class=\"wpcf7-form-control wpcf7-file\" accept=\".pdf\" aria-invalid=\"false\" type=\"file\" name=\"file-706\" \/><\/span><\/label><br \/>\nVorrei informazioni per<br \/>\n<span class=\"wpcf7-form-control-wrap\" data-name=\"checkbox-711\"><span class=\"wpcf7-form-control wpcf7-checkbox\"><span class=\"wpcf7-list-item first last\"><input type=\"checkbox\" name=\"checkbox-711[]\" value=\"organizzare l&#039;evento in sede,\" \/><span class=\"wpcf7-list-item-label\">organizzare l&#039;evento in sede,<\/span><\/span><\/span><\/span><br \/>\n<span class=\"wpcf7-form-control-wrap\" data-name=\"checkbox-788\"><span class=\"wpcf7-form-control wpcf7-checkbox\"><span class=\"wpcf7-list-item first last\"><input type=\"checkbox\" name=\"checkbox-788[]\" value=\"valutare il progetto e la possibile strategia o comunicazione.\" \/><span class=\"wpcf7-list-item-label\">valutare il progetto e la possibile strategia o comunicazione.<\/span><\/span><\/span><\/span>\n<\/p>\n<p><span class=\"wpcf7-form-control-wrap\" data-name=\"capital-quiz\"><label><span class=\"wpcf7-quiz-label\">Controllo anti-spam: quale \u00e8 la somma di 5 + 1?<\/span> <input size=\"40\" class=\"wpcf7-form-control wpcf7-quiz\" autocomplete=\"off\" aria-required=\"true\" aria-invalid=\"false\" type=\"text\" name=\"capital-quiz\" \/><\/label><input type=\"hidden\" name=\"_wpcf7_quiz_answer_capital-quiz\" value=\"e02c861aa8b3d57f3568fc9757f78698\" \/><\/span><br \/>\n<small><span class=\"wpcf7-form-control-wrap\" data-name=\"acceptance-957\"><span class=\"wpcf7-form-control wpcf7-acceptance\"><span class=\"wpcf7-list-item\"><input type=\"checkbox\" name=\"acceptance-957\" value=\"1\" aria-invalid=\"false\" \/><\/span><\/span><\/span> <a href=\"http:\/\/www.mentattiva.it\/site-policy\/\">Ho letto la Site policy<\/a><\/small>\n<\/p>\n<p><input class=\"wpcf7-form-control wpcf7-submit has-spinner\" type=\"submit\" value=\"Invia\" \/>\n<\/p><div class=\"wpcf7-response-output\" aria-hidden=\"true\"><\/div>\n<\/form>\n<\/div>\n\n<\/div>\n<\/div>\n","protected":false},"excerpt":{"rendered":"<p>Il crowdfunding pu\u00f2 essere un&#8217;ottima opportunit\u00e0 per presentare o raccogliere fondi per progetti, prodotti o servizi avviati o in avviamento.Il web \u00e8 fondamentale ma per alcune attivit\u00e0 o progetti, anche delle iniziative offline possono essere altrettanto importanti, soprattutto nei casi in cui c&#8217;\u00e8 un forte impatto territoriale. Possiamo darti supporto &hellip;<\/p>\n","protected":false},"author":1,"featured_media":0,"parent":0,"menu_order":0,"comment_status":"closed","ping_status":"closed","template":"","meta":{"footnotes":""},"class_list":["post-235","page","type-page","status-publish","hentry"],"_links":{"self":[{"href":"https:\/\/www.mentattiva.it\/studio\/wp-json\/wp\/v2\/pages\/235","targetHints":{"allow":["GET"]}}],"collection":[{"href":"https:\/\/www.mentattiva.it\/studio\/wp-json\/wp\/v2\/pages"}],"about":[{"href":"https:\/\/www.mentattiva.it\/studio\/wp-json\/wp\/v2\/types\/page"}],"author":[{"embeddable":true,"href":"https:\/\/www.mentattiva.it\/studio\/wp-json\/wp\/v2\/users\/1"}],"replies":[{"embeddable":true,"href":"https:\/\/www.mentattiva.it\/studio\/wp-json\/wp\/v2\/comments?post=235"}],"version-history":[{"count":56,"href":"https:\/\/www.mentattiva.it\/studio\/wp-json\/wp\/v2\/pages\/235\/revisions"}],"predecessor-version":[{"id":2494,"href":"https:\/\/www.mentattiva.it\/studio\/wp-json\/wp\/v2\/pages\/235\/revisions\/2494"}],"wp:attachment":[{"href":"https:\/\/www.mentattiva.it\/studio\/wp-json\/wp\/v2\/media?parent=235"}],"curies":[{"name":"wp","href":"https:\/\/api.w.org\/{rel}","templated":true}]}}