{"id":428,"date":"2017-03-27T16:43:17","date_gmt":"2017-03-27T14:43:17","guid":{"rendered":"http:\/\/www.mentattiva.it\/studio\/?page_id=428"},"modified":"2024-05-08T14:25:01","modified_gmt":"2024-05-08T12:25:01","slug":"open-space","status":"publish","type":"page","link":"https:\/\/www.mentattiva.it\/studio\/open-space\/","title":{"rendered":"Open Space polifunzionale.<br \/>Desk. Aula Corsi. Meeting e Congressi. Eventi e Convegni."},"content":{"rendered":"\n<div class=\"wp-block-columns is-layout-flex wp-container-core-columns-is-layout-9d6595d7 wp-block-columns-is-layout-flex\">\n<div class=\"wp-block-column is-layout-flow wp-block-column-is-layout-flow\" style=\"flex-basis:50%\">\n<h3 class=\"wp-block-heading\" style=\"font-size:20px\">La nostra <strong>sede<\/strong> \u00e8 <strong>open space<\/strong>: \u00e8 possibile prenotare lo <strong>spazio<\/strong> per attivit\u00e0 di <strong>studio o lavoro<\/strong>.<\/h3>\n\n\n\n<h3 class=\"wp-block-heading\" style=\"font-size:20px\">Inoltre sono possibili <strong>prenotazioni per<\/strong><\/h3>\n\n\n\n<h6 class=\"wp-block-heading yellow-flag\" style=\"font-size:18px\">\u2713 <strong>desk<\/strong> singoli o <strong>coworking<\/strong>,<\/h6>\n\n\n\n<h6 class=\"wp-block-heading yellow-flag\" style=\"font-size:18px\">\u2713 <strong>aule corsi<\/strong>,<\/h6>\n\n\n\n<h6 class=\"wp-block-heading yellow-flag\" style=\"font-size:18px\">\u2713 <strong>meeting<\/strong> e <strong>congressi<\/strong>,<\/h6>\n\n\n\n<h6 class=\"wp-block-heading yellow-flag\" style=\"font-size:18px\">\u2713 <strong>eventi<\/strong> e <strong>convegni<\/strong>.<\/h6>\n\n\n\n<div style=\"height:30px\" aria-hidden=\"true\" class=\"wp-block-spacer\"><\/div>\n\n\n\n<p>Offriamo <strong>kit di benvenuto e coffee break<\/strong> con possibilit\u00e0 di <strong>diversi allestimenti<\/strong>.<br>Ci troviamo in un <strong>centro direzionale facilmente e brevemente raggiungibile<\/strong>, servito da un <strong>ampio parcheggio<\/strong> ed ulteriori <strong>servizi limitrofi<\/strong>.<br>Il nostro ingresso \u00e8 a <strong>piano terra<\/strong> e la <strong>sede \u00e8 confortata da ampie vetrate<\/strong>.<\/p>\n<\/div>\n\n\n\n<div class=\"wp-block-column is-layout-flow wp-block-column-is-layout-flow\" style=\"flex-basis:50%\"><div class=\"wp-block-image\">\n<figure class=\"aligncenter size-full\"><img loading=\"lazy\" decoding=\"async\" width=\"2256\" height=\"1463\" src=\"https:\/\/www.mentattiva.it\/studio\/wp-content\/uploads\/sites\/3\/2017\/03\/mappa.jpg\" alt=\"Mappa sede open space per desk\" class=\"wp-image-1774\" srcset=\"https:\/\/www.mentattiva.it\/studio\/wp-content\/uploads\/sites\/3\/2017\/03\/mappa.jpg 2256w, https:\/\/www.mentattiva.it\/studio\/wp-content\/uploads\/sites\/3\/2017\/03\/mappa-300x195.jpg 300w, https:\/\/www.mentattiva.it\/studio\/wp-content\/uploads\/sites\/3\/2017\/03\/mappa-768x498.jpg 768w, https:\/\/www.mentattiva.it\/studio\/wp-content\/uploads\/sites\/3\/2017\/03\/mappa-1024x664.jpg 1024w, https:\/\/www.mentattiva.it\/studio\/wp-content\/uploads\/sites\/3\/2017\/03\/mappa-24x16.jpg 24w, https:\/\/www.mentattiva.it\/studio\/wp-content\/uploads\/sites\/3\/2017\/03\/mappa-36x23.jpg 36w, https:\/\/www.mentattiva.it\/studio\/wp-content\/uploads\/sites\/3\/2017\/03\/mappa-48x31.jpg 48w\" sizes=\"auto, (max-width: 2256px) 100vw, 2256px\" \/><\/figure><\/div><\/div>\n<\/div>\n\n\n\n<h3 class=\"wp-block-heading\">Listino<\/h3>\n\n\n\n<p>Le prenotazioni <strong>comprendono kit di benvenuto e coffee break<\/strong> con possibilit\u00e0 di <strong>diversi allestimenti<\/strong>.<\/p>\n\n\n\n<div class=\"wp-block-columns is-layout-flex wp-container-core-columns-is-layout-9d6595d7 wp-block-columns-is-layout-flex\">\n<div class=\"wp-block-column is-layout-flow wp-block-column-is-layout-flow\">\n<figure class=\"wp-block-table is-style-stripes\"><table><thead><tr><th class=\"has-text-align-left\" data-align=\"left\">DAL LUNED\u00cc AL VENERD\u00cc<\/th><th class=\"has-text-align-left\" data-align=\"left\"><strong>\u20ac\/ORA<\/strong><\/th><\/tr><\/thead><tbody><tr><td class=\"has-text-align-left\" data-align=\"left\"><\/td><td class=\"has-text-align-left\" data-align=\"left\"><\/td><\/tr><tr><td class=\"has-text-align-left\" data-align=\"left\">Dalle ore 9.00 alle ore 18.00<br><\/td><td class=\"has-text-align-left\" data-align=\"left\">Libero per attivit\u00e0 no profit.<br>\u20ac25 per attivit\u00e0 a scopo di lucro.<\/td><\/tr><tr><td class=\"has-text-align-left\" data-align=\"left\">Dalle ore 18.00 alle ore 20.00<\/td><td class=\"has-text-align-left\" data-align=\"left\">\u20ac30,00<\/td><\/tr><tr><td class=\"has-text-align-left\" data-align=\"left\">Dalle ore 20.00<\/td><td class=\"has-text-align-left\" data-align=\"left\">\u20ac40,00<\/td><\/tr><\/tbody><\/table><\/figure>\n<\/div>\n\n\n\n<div class=\"wp-block-column is-layout-flow wp-block-column-is-layout-flow\">\n<figure class=\"wp-block-table is-style-stripes\"><table><thead><tr><th class=\"has-text-align-left\" data-align=\"left\">SABATO E PREFESTIVI<\/th><th class=\"has-text-align-left\" data-align=\"left\"><strong>\u20ac\/ORA<\/strong><\/th><\/tr><\/thead><tbody><tr><td class=\"has-text-align-left\" data-align=\"left\"><\/td><td class=\"has-text-align-left\" data-align=\"left\"><\/td><\/tr><tr><td class=\"has-text-align-left\" data-align=\"left\">Dalle ore 9.00 alle ore 18<\/td><td class=\"has-text-align-left\" data-align=\"left\">\u20ac35,00<\/td><\/tr><tr><td class=\"has-text-align-left\" data-align=\"left\">Dalle ore 18.00<\/td><td class=\"has-text-align-left\" data-align=\"left\">\u20ac40,00<\/td><\/tr><\/tbody><\/table><\/figure>\n<\/div>\n<\/div>\n\n\n\n<div style=\"height:70px\" aria-hidden=\"true\" class=\"wp-block-spacer\"><\/div>\n\n\n\n<div class=\"wp-block-columns is-layout-flex wp-container-core-columns-is-layout-9d6595d7 wp-block-columns-is-layout-flex\">\n<div class=\"wp-block-column is-layout-flow wp-block-column-is-layout-flow\"><div class=\"wp-block-image\">\n<figure class=\"aligncenter size-full is-resized\"><img decoding=\"async\" src=\"https:\/\/www.mentattiva.it\/wp-content\/uploads\/2022\/07\/avatar-verde.png\" alt=\"illustrazione avatar mentattiva\" class=\"wp-image-1298\" style=\"width:306px;height:357px\"\/><\/figure><\/div><\/div>\n\n\n\n<div class=\"wp-block-column is-layout-flow wp-block-column-is-layout-flow\">\n<h3 class=\"wp-block-heading\">&#8220;Desideri maggiori informazioni o prenotare?&#8221;<\/h3>\n\n\n\n<p class=\"yellow-flag\">\u2713 Compila il form<\/p>\n\n\n\n<p class=\"yellow-flag\">\u2713 Scrivici a <a href=\"mailto:info@mentattiva.it\">info@mentattiva.it<\/a> <\/p>\n\n\n\n<p class=\"yellow-flag\">\u2713 Chiamaci al <a href=\"tel:+393311539050\">+39 331 153 9 0 50<\/a><\/p>\n<\/div>\n\n\n\n<div class=\"wp-block-column is-layout-flow wp-block-column-is-layout-flow\">\n<div class=\"wpcf7 no-js\" id=\"wpcf7-f475-o1\" lang=\"it-IT\" dir=\"ltr\" data-wpcf7-id=\"475\">\n<div class=\"screen-reader-response\"><p role=\"status\" aria-live=\"polite\" aria-atomic=\"true\"><\/p> <ul><\/ul><\/div>\n<form action=\"\/studio\/wp-json\/wp\/v2\/pages\/428#wpcf7-f475-o1\" method=\"post\" class=\"wpcf7-form init\" aria-label=\"Modulo di contatto\" novalidate=\"novalidate\" data-status=\"init\">\n<fieldset class=\"hidden-fields-container\"><input type=\"hidden\" name=\"_wpcf7\" value=\"475\" \/><input type=\"hidden\" name=\"_wpcf7_version\" value=\"6.1.2\" \/><input type=\"hidden\" name=\"_wpcf7_locale\" value=\"it_IT\" \/><input type=\"hidden\" name=\"_wpcf7_unit_tag\" value=\"wpcf7-f475-o1\" \/><input type=\"hidden\" name=\"_wpcf7_container_post\" value=\"0\" \/><input type=\"hidden\" name=\"_wpcf7_posted_data_hash\" value=\"\" \/><input type=\"hidden\" name=\"_wpcf7dtx_version\" value=\"5.0.3\" \/>\n<\/fieldset>\n<p><label><span class=\"wpcf7-form-control-wrap\" data-name=\"your-name\"><input size=\"40\" maxlength=\"400\" class=\"wpcf7-form-control wpcf7-text wpcf7-validates-as-required\" aria-required=\"true\" aria-invalid=\"false\" placeholder=\"Nome e Cognome (richiesto)\" value=\"\" type=\"text\" name=\"your-name\" \/><\/span><\/label><br \/>\n<label><span class=\"wpcf7-form-control-wrap\" data-name=\"your-tel\"><input size=\"40\" maxlength=\"400\" class=\"wpcf7-form-control wpcf7-text wpcf7-validates-as-required\" aria-required=\"true\" aria-invalid=\"false\" placeholder=\"Email o telefono (richiesto)\" value=\"\" type=\"text\" name=\"your-tel\" \/><\/span><\/label><br \/>\nVorrei informazioni per (richiesto):<br \/>\n<span class=\"wpcf7-form-control-wrap\" data-name=\"checkbox-711\"><span class=\"wpcf7-form-control wpcf7-checkbox\"><span class=\"wpcf7-list-item first last\"><input type=\"checkbox\" name=\"checkbox-711[]\" value=\"desk singoli o coworking,\" \/><span class=\"wpcf7-list-item-label\">desk singoli o coworking,<\/span><\/span><\/span><\/span><br \/>\n<span class=\"wpcf7-form-control-wrap\" data-name=\"checkbox-815\"><span class=\"wpcf7-form-control wpcf7-checkbox\"><span class=\"wpcf7-list-item first last\"><input type=\"checkbox\" name=\"checkbox-815[]\" value=\"meeting e congressi,\" \/><span class=\"wpcf7-list-item-label\">meeting e congressi,<\/span><\/span><\/span><\/span><br \/>\n<span class=\"wpcf7-form-control-wrap\" data-name=\"checkbox-6400\"><span class=\"wpcf7-form-control wpcf7-checkbox\"><span class=\"wpcf7-list-item first last\"><input type=\"checkbox\" name=\"checkbox-6400[]\" value=\"eventi e convegni,\" \/><span class=\"wpcf7-list-item-label\">eventi e convegni,<\/span><\/span><\/span><\/span><br \/>\n<span class=\"wpcf7-form-control-wrap\" data-name=\"checkbox-6401\"><span class=\"wpcf7-form-control wpcf7-checkbox\"><span class=\"wpcf7-list-item first last\"><input type=\"checkbox\" name=\"checkbox-6401[]\" value=\"altro.\" \/><span class=\"wpcf7-list-item-label\">altro.<\/span><\/span><\/span><\/span>\n<\/p>\n<p>Note:<br \/>\n<span class=\"wpcf7-form-control-wrap\" data-name=\"textarea-652\"><textarea cols=\"40\" rows=\"10\" maxlength=\"2000\" class=\"wpcf7-form-control wpcf7-textarea\" aria-invalid=\"false\" name=\"textarea-652\"><\/textarea><\/span>\n<\/p>\n<p><span class=\"wpcf7-form-control-wrap\" data-name=\"capital-quiz\"><label><span class=\"wpcf7-quiz-label\">Controllo anti-spam: quale \u00e8 il risultato di 5 - 4?<\/span> <input size=\"40\" class=\"wpcf7-form-control wpcf7-quiz\" autocomplete=\"off\" aria-required=\"true\" aria-invalid=\"false\" type=\"text\" name=\"capital-quiz\" \/><\/label><input type=\"hidden\" name=\"_wpcf7_quiz_answer_capital-quiz\" value=\"0554edecf94529606065ff5ffa194cc4\" \/><\/span><br \/>\n<small><span class=\"wpcf7-form-control-wrap\" data-name=\"acceptance-957\"><span class=\"wpcf7-form-control wpcf7-acceptance\"><span class=\"wpcf7-list-item\"><input type=\"checkbox\" name=\"acceptance-957\" value=\"1\" aria-invalid=\"false\" \/><\/span><\/span><\/span> <a href=\"http:\/\/www.mentattiva.it\/site-policy\/\">Ho letto la Site policy<\/a><\/small>\n<\/p>\n<p><input class=\"wpcf7-form-control wpcf7-submit has-spinner\" type=\"submit\" value=\"Invia\" \/>\n<\/p><div class=\"wpcf7-response-output\" aria-hidden=\"true\"><\/div>\n<\/form>\n<\/div>\n\n<\/div>\n<\/div>\n","protected":false},"excerpt":{"rendered":"<p>La nostra sede \u00e8 open space: \u00e8 possibile prenotare lo spazio per attivit\u00e0 di studio o lavoro. Inoltre sono possibili prenotazioni per \u2713 desk singoli o coworking, \u2713 aule corsi, \u2713 meeting e congressi, \u2713 eventi e convegni. Offriamo kit di benvenuto e coffee break con possibilit\u00e0 di diversi allestimenti.Ci &hellip;<\/p>\n","protected":false},"author":1,"featured_media":0,"parent":0,"menu_order":0,"comment_status":"closed","ping_status":"closed","template":"","meta":{"footnotes":""},"class_list":["post-428","page","type-page","status-publish","hentry"],"_links":{"self":[{"href":"https:\/\/www.mentattiva.it\/studio\/wp-json\/wp\/v2\/pages\/428","targetHints":{"allow":["GET"]}}],"collection":[{"href":"https:\/\/www.mentattiva.it\/studio\/wp-json\/wp\/v2\/pages"}],"about":[{"href":"https:\/\/www.mentattiva.it\/studio\/wp-json\/wp\/v2\/types\/page"}],"author":[{"embeddable":true,"href":"https:\/\/www.mentattiva.it\/studio\/wp-json\/wp\/v2\/users\/1"}],"replies":[{"embeddable":true,"href":"https:\/\/www.mentattiva.it\/studio\/wp-json\/wp\/v2\/comments?post=428"}],"version-history":[{"count":88,"href":"https:\/\/www.mentattiva.it\/studio\/wp-json\/wp\/v2\/pages\/428\/revisions"}],"predecessor-version":[{"id":2624,"href":"https:\/\/www.mentattiva.it\/studio\/wp-json\/wp\/v2\/pages\/428\/revisions\/2624"}],"wp:attachment":[{"href":"https:\/\/www.mentattiva.it\/studio\/wp-json\/wp\/v2\/media?parent=428"}],"curies":[{"name":"wp","href":"https:\/\/api.w.org\/{rel}","templated":true}]}}